{"id":100,"date":"2017-10-23T01:12:05","date_gmt":"2017-10-22T22:12:05","guid":{"rendered":"http:\/\/www.esperanto.fi\/eo\/?page_id=100"},"modified":"2026-01-03T09:56:47","modified_gmt":"2026-01-03T07:56:47","slug":"autunaj-tagoj","status":"publish","type":"page","link":"https:\/\/www.esperanto.fi\/eo\/eventoj\/autunaj-tagoj\/","title":{"rendered":"A\u016dtunaj Tagoj"},"content":{"rendered":"\n<p>Esperanto-Asocio de Finnlando aran\u011das \u0109iujare Vintrajn Tagojn en februaro a\u016d marto kaj A\u016dtunajn Tagojn en septembro a\u016d oktobro. Dum Vintraj Tagoj okazas anka\u016d la la\u016dstatuta jarkunveno de la asocio.<\/p>\n\n\n\n<p><strong>A\u016dtunaj Tagoj en<\/strong> <strong>Tampere 27.-28.9.2025<\/strong><\/p>\n\n\n\n<p>A\u016dtunaj Tagoj okazis en la jaro 2025 en urbo <em>Tampere<\/em>. Se vi ne mem partoprenis la 80-an Universalan Kongreson en Tampereo anta\u016d tridek jaroj, vi certe multege a\u016ddis pri \u011di. Temis pri la tria UK en Finnlando. Dum AT-semajnfino, la 27-an kaj 28-an de septembro 2025, ni konati\u011dis kun la tiama kongresejo, <em>Tampere-talo<\/em> (Tampere-halo). Nin gvidis dum la rondirado oficisto el Tampere-halo, kiu rakontis al ni anka\u016d kiel la domo \u015dan\u011di\u011dis dum la jaroj.<\/p>\n\n\n\n<p>Post vizito en Tampere-halo ni iris al la apuda parko <em>Sorsapuisto<\/em>, kie staras Esperanto-arbo. Tiu betulo estis plantita en la parko dum la kongresa semajno. Ni a\u016ddis surloke pli detale pri \u011dia historio.<\/p>\n\n\n\n<p>Dua parto de la sabata programo okazis en la Kulturdomo <em>Laikku<\/em>, kie ni a\u016ddis pri la diversaj eventoj, kiuj ekestis dum la kongresa semajno: ili estis \u0109efe pozitivaj kaj e\u0109 humorplenaj, sed anka\u016d kelkaj tiklaj situacioj. La sabatvespero fini\u011dis per komuna vesperman\u011do en loka restoracio.<\/p>\n\n\n\n<p>En diman\u0109o ni konati\u011dis kun la industria urbo <em>Tampere<\/em> kaj a\u016ddis pli pri \u011dia ekesto. Ni finis la rondiradon per vizito en la laborista muzeo <em>Werstas<\/em> kaj havis poste tagman\u011don kun fermo de la Tagoj.<\/p>\n\n\n\n<p><strong><em>Dankon al la partoprenintoj!<\/em><\/strong><\/p>\n\n\n\n<p><\/p>\n\n\n\n<p><\/p>\n\n\n\n<p><\/p>\n\n\n\n<p><\/p>\n\n\n\n<p><\/p>\n","protected":false},"excerpt":{"rendered":"<p>Esperanto-Asocio de Finnlando aran\u011das \u0109iujare Vintrajn Tagojn en februaro a\u016d marto kaj A\u016dtunajn Tagojn en septembro a\u016d oktobro. Dum Vintraj Tagoj okazas anka\u016d la la\u016dstatuta jarkunveno de la asocio. A\u016dtunaj Tagoj en Tampere 27.-28.9.2025 A\u016dtunaj Tagoj okazis en la jaro 2025 en urbo Tampere. Se vi ne mem partoprenis la 80-an Universalan Kongreson en Tampereo &hellip; <a href=\"https:\/\/www.esperanto.fi\/eo\/eventoj\/autunaj-tagoj\/\" class=\"more-link\">Da\u016drigi legadon<span class=\"screen-reader-text\"> &#8220;A\u016dtunaj Tagoj&#8221;<\/span><\/a><\/p>\n","protected":false},"author":1,"featured_media":0,"parent":36,"menu_order":0,"comment_status":"closed","ping_status":"closed","template":"","meta":{"footnotes":""},"class_list":["post-100","page","type-page","status-publish","hentry"],"_links":{"self":[{"href":"https:\/\/www.esperanto.fi\/eo\/wp-json\/wp\/v2\/pages\/100","targetHints":{"allow":["GET"]}}],"collection":[{"href":"https:\/\/www.esperanto.fi\/eo\/wp-json\/wp\/v2\/pages"}],"about":[{"href":"https:\/\/www.esperanto.fi\/eo\/wp-json\/wp\/v2\/types\/page"}],"author":[{"embeddable":true,"href":"https:\/\/www.esperanto.fi\/eo\/wp-json\/wp\/v2\/users\/1"}],"replies":[{"embeddable":true,"href":"https:\/\/www.esperanto.fi\/eo\/wp-json\/wp\/v2\/comments?post=100"}],"version-history":[{"count":40,"href":"https:\/\/www.esperanto.fi\/eo\/wp-json\/wp\/v2\/pages\/100\/revisions"}],"predecessor-version":[{"id":3484,"href":"https:\/\/www.esperanto.fi\/eo\/wp-json\/wp\/v2\/pages\/100\/revisions\/3484"}],"up":[{"embeddable":true,"href":"https:\/\/www.esperanto.fi\/eo\/wp-json\/wp\/v2\/pages\/36"}],"wp:attachment":[{"href":"https:\/\/www.esperanto.fi\/eo\/wp-json\/wp\/v2\/media?parent=100"}],"curies":[{"name":"wp","href":"https:\/\/api.w.org\/{rel}","templated":true}]}}