{"id":116,"date":"2017-10-23T02:41:57","date_gmt":"2017-10-23T02:41:57","guid":{"rendered":"http:\/\/www.esperanto.fi\/eo\/?page_id=116"},"modified":"2026-01-03T09:46:45","modified_gmt":"2026-01-03T07:46:45","slug":"somera-kurso","status":"publish","type":"page","link":"https:\/\/www.esperanto.fi\/eo\/somera-kurso\/","title":{"rendered":"Somera kurso 2026"},"content":{"rendered":"<p>Somera kurso de Esperanto-Asocio de Finnlando (EAF) okazos venontfoje 4.-7.6.2026 en la urbo\u00a0<em>Raisio,\u00a0<\/em>najbara urbo de\u00a0<em>Turku\/\u00c5bo<\/em>\u00a0en suda Finnlando. La kursejo estas facile atingebla per lokaj a\u016dtobusoj.\u00a0<\/p>\n<p>\u0108iutage estas instruado \u0109irka\u016d kvin horoj en etaj grupoj: elementanoj (\u0109efe el Finnlando), progresantoj kaj diskutantoj. Kun la tuta grupo ni havas komunan programon kaj konati\u011das i.a. kun la urbo\u00a0<em>Raisio<\/em>\u00a0kaj \u011diaj najbaraj urboj. Instruistoj:\u00a0<em>Rodica Todor<\/em>\u00a0(el Rumanio),\u00a0<em>Tiina Oittinen\u00a0<\/em>kaj\u00a0<em>Juha Mets\u00e4kallas<\/em>\u00a0(el Finnlando). Kursorespondeculo\u00a0<em>Tiina Oittinen\u00a0<\/em>donas pliajn informojn, sendu ilin al la retpo\u015dto eaf[at]esperanto.fi\u00a0per titolo Somera kurso 2026.<\/p>\n<p><strong><em>Bonvenon!<\/em><\/strong><\/p>\n<p><em><span style=\"color: #ff0000\">\u011cisdatigita: 2026-01-03<\/span><\/em><\/p>\n<p>&gt; Kurssista <a href=\"https:\/\/www.esperanto.fi\/eventoj\/kesakurssi\/\">suomeksi<\/a><\/p>\n\n\n<p><\/p>\n","protected":false},"excerpt":{"rendered":"<p>Somera kurso de Esperanto-Asocio de Finnlando (EAF) okazos venontfoje 4.-7.6.2026 en la urbo\u00a0Raisio,\u00a0najbara urbo de\u00a0Turku\/\u00c5bo\u00a0en suda Finnlando. La kursejo estas facile atingebla per lokaj a\u016dtobusoj.\u00a0 \u0108iutage estas instruado \u0109irka\u016d kvin horoj en etaj grupoj: elementanoj (\u0109efe el Finnlando), progresantoj kaj diskutantoj. Kun la tuta grupo ni havas komunan programon kaj konati\u011das i.a. kun la urbo\u00a0Raisio\u00a0kaj &hellip; <a href=\"https:\/\/www.esperanto.fi\/eo\/somera-kurso\/\" class=\"more-link\">Da\u016drigi legadon<span class=\"screen-reader-text\"> &#8220;Somera kurso 2026&#8221;<\/span><\/a><\/p>\n","protected":false},"author":1,"featured_media":0,"parent":0,"menu_order":0,"comment_status":"closed","ping_status":"closed","template":"","meta":{"footnotes":""},"class_list":["post-116","page","type-page","status-publish","hentry"],"_links":{"self":[{"href":"https:\/\/www.esperanto.fi\/eo\/wp-json\/wp\/v2\/pages\/116","targetHints":{"allow":["GET"]}}],"collection":[{"href":"https:\/\/www.esperanto.fi\/eo\/wp-json\/wp\/v2\/pages"}],"about":[{"href":"https:\/\/www.esperanto.fi\/eo\/wp-json\/wp\/v2\/types\/page"}],"author":[{"embeddable":true,"href":"https:\/\/www.esperanto.fi\/eo\/wp-json\/wp\/v2\/users\/1"}],"replies":[{"embeddable":true,"href":"https:\/\/www.esperanto.fi\/eo\/wp-json\/wp\/v2\/comments?post=116"}],"version-history":[{"count":38,"href":"https:\/\/www.esperanto.fi\/eo\/wp-json\/wp\/v2\/pages\/116\/revisions"}],"predecessor-version":[{"id":3476,"href":"https:\/\/www.esperanto.fi\/eo\/wp-json\/wp\/v2\/pages\/116\/revisions\/3476"}],"wp:attachment":[{"href":"https:\/\/www.esperanto.fi\/eo\/wp-json\/wp\/v2\/media?parent=116"}],"curies":[{"name":"wp","href":"https:\/\/api.w.org\/{rel}","templated":true}]}}