{"id":145,"date":"2017-12-05T00:55:24","date_gmt":"2017-12-05T00:55:24","guid":{"rendered":"http:\/\/www.esperanto.fi\/eo\/?page_id=145"},"modified":"2023-12-06T15:12:59","modified_gmt":"2023-12-06T13:12:59","slug":"zamenhof","status":"publish","type":"page","link":"https:\/\/www.esperanto.fi\/eo\/eventoj\/zamenhof\/","title":{"rendered":"Zamenhof-festotago"},"content":{"rendered":"\n<p><strong>Zamenhof-festotago 15.12.2023<br><\/strong>Esperanto-Asocio de Finnlando aran\u011dos la \u0109i-jaran Zamenhof-tagan renkonti\u011don la 15-an de decembro 2023 ekde la 17-a horo \u011dis \u0109irka\u016d la 18-a horo. Ni salutas unu la alian el diversaj lokoj de la mondo, tial ni deziras partoprenantojn anka\u016d ekster nia lando. Se vi havas eblecon kunesti tiam kun ni dum eta tempo, kontakti\u011du eaf[at]esperanto.fi kaj petu pliajn informojn. Bonvenon festi kun ni!<\/p>\n\n\n\n<p><\/p>\n\n\n<h3>Zamenhof-ligiloj<\/h3>\n<ul>\n<li style=\"list-style-type: none\">\n<ul>\n<li><a href=\"http:\/\/esperanto-ondo.ru\/H-lz-bio.htm\">Konciza biografio de Lazarj Markovi\u0109 Zamenhof<\/a>\u00a0 \u2013 En <em>La Ondo de Esperanto<\/em> -revuo (n-ro 12\/2009)<\/li>\n<li><a href=\"http:\/\/zamenhof.info\/eo\/\">Zamenhof-pa\u011daro<\/a><\/li>\n<\/ul>\n<\/li>\n<\/ul>","protected":false},"excerpt":{"rendered":"<p>Zamenhof-festotago 15.12.2023Esperanto-Asocio de Finnlando aran\u011dos la \u0109i-jaran Zamenhof-tagan renkonti\u011don la 15-an de decembro 2023 ekde la 17-a horo \u011dis \u0109irka\u016d la 18-a horo. Ni salutas unu la alian el diversaj lokoj de la mondo, tial ni deziras partoprenantojn anka\u016d ekster nia lando. Se vi havas eblecon kunesti tiam kun ni dum eta tempo, kontakti\u011du eaf[at]esperanto.fi &hellip; <a href=\"https:\/\/www.esperanto.fi\/eo\/eventoj\/zamenhof\/\" class=\"more-link\">Da\u016drigi legadon<span class=\"screen-reader-text\"> &#8220;Zamenhof-festotago&#8221;<\/span><\/a><\/p>\n","protected":false},"author":13,"featured_media":0,"parent":36,"menu_order":0,"comment_status":"closed","ping_status":"closed","template":"","meta":{"footnotes":""},"class_list":["post-145","page","type-page","status-publish","hentry"],"_links":{"self":[{"href":"https:\/\/www.esperanto.fi\/eo\/wp-json\/wp\/v2\/pages\/145","targetHints":{"allow":["GET"]}}],"collection":[{"href":"https:\/\/www.esperanto.fi\/eo\/wp-json\/wp\/v2\/pages"}],"about":[{"href":"https:\/\/www.esperanto.fi\/eo\/wp-json\/wp\/v2\/types\/page"}],"author":[{"embeddable":true,"href":"https:\/\/www.esperanto.fi\/eo\/wp-json\/wp\/v2\/users\/13"}],"replies":[{"embeddable":true,"href":"https:\/\/www.esperanto.fi\/eo\/wp-json\/wp\/v2\/comments?post=145"}],"version-history":[{"count":15,"href":"https:\/\/www.esperanto.fi\/eo\/wp-json\/wp\/v2\/pages\/145\/revisions"}],"predecessor-version":[{"id":3182,"href":"https:\/\/www.esperanto.fi\/eo\/wp-json\/wp\/v2\/pages\/145\/revisions\/3182"}],"up":[{"embeddable":true,"href":"https:\/\/www.esperanto.fi\/eo\/wp-json\/wp\/v2\/pages\/36"}],"wp:attachment":[{"href":"https:\/\/www.esperanto.fi\/eo\/wp-json\/wp\/v2\/media?parent=145"}],"curies":[{"name":"wp","href":"https:\/\/api.w.org\/{rel}","templated":true}]}}