{"id":2,"date":"2017-10-13T06:58:06","date_gmt":"2017-10-13T06:58:06","guid":{"rendered":"http:\/\/www.esperanto.fi\/eo\/?page_id=2"},"modified":"2026-03-10T05:58:03","modified_gmt":"2026-03-10T03:58:03","slug":"hejmo","status":"publish","type":"page","link":"https:\/\/www.esperanto.fi\/eo\/","title":{"rendered":"Bonvenon al la retejo de EAF!"},"content":{"rendered":"<p><strong>Esperanto-Asocio de Finnlando<\/strong> (EAF) estas interligilo de finnlandaj esperantistoj, informas pri la internacia lingvo kaj \u011dia kulturo kaj anta\u016denigas \u011dian uzadon.<\/p>\n<h5>Aktuala\u0135oj<\/h5>\n<p>\u25ca\u00a0<a href=\"https:\/\/www.esperanto.fi\/eo\/somera-kurso\/\">Somera kurso en Raisio 4.-7.6.2026<\/a><\/p>\n<h5>Estintaj okazoj<\/h5>\n<p>\u25ca <a href=\"https:\/\/www.esperanto.fi\/eo\/vintraj-tagoj\/\">Vintraj Tagoj en Salo 7.-8.3.2026<\/a><\/p>\n<p><strong>\u25ca <\/strong><a href=\"https:\/\/www.esperanto.fi\/patrinoj-aidit-lyhytelokuvan-jasennaytos\/\">Filmomontro <em>Patrinoj<\/em> por membroj en Helsinki 18.10.<\/a><\/p>\n<p>\u25ca <a href=\"https:\/\/www.esperanto.fi\/eo\/eventoj\/autunaj-tagoj\/\">A\u016dtunaj Tagoj en Tampere 27.-28.9.2025<\/a><\/p>\n<p><strong>La 104-a UK de Esperanto<\/strong> 20.\u201327.7.2019 en Lahtio, Finnlando: <a href=\"https:\/\/uea.org\/kongresoj\/UK\/2019\">La retejo de UEA<\/a><\/p>\n<p><strong>Pri aferoj en Finnlanda Esperantujo<\/strong> vi povos legi en diskutforumo : <a href=\"https:\/\/finnababilejo.fi\/\">Finna Babilejo<\/a><\/p>\n\n\n<p><\/p>\n","protected":false},"excerpt":{"rendered":"<p>Esperanto-Asocio de Finnlando (EAF) estas interligilo de finnlandaj esperantistoj, informas pri la internacia lingvo kaj \u011dia kulturo kaj anta\u016denigas \u011dian uzadon. Aktuala\u0135oj \u25ca\u00a0Somera kurso en Raisio 4.-7.6.2026 Estintaj okazoj \u25ca Vintraj Tagoj en Salo 7.-8.3.2026 \u25ca Filmomontro Patrinoj por membroj en Helsinki 18.10. \u25ca A\u016dtunaj Tagoj en Tampere 27.-28.9.2025 La 104-a UK de Esperanto 20.\u201327.7.2019 &hellip; <a href=\"https:\/\/www.esperanto.fi\/eo\/\" class=\"more-link\">Da\u016drigi legadon<span class=\"screen-reader-text\"> &#8220;Bonvenon al la retejo de EAF!&#8221;<\/span><\/a><\/p>\n","protected":false},"author":1,"featured_media":0,"parent":0,"menu_order":0,"comment_status":"closed","ping_status":"open","template":"","meta":{"footnotes":""},"class_list":["post-2","page","type-page","status-publish","hentry"],"_links":{"self":[{"href":"https:\/\/www.esperanto.fi\/eo\/wp-json\/wp\/v2\/pages\/2","targetHints":{"allow":["GET"]}}],"collection":[{"href":"https:\/\/www.esperanto.fi\/eo\/wp-json\/wp\/v2\/pages"}],"about":[{"href":"https:\/\/www.esperanto.fi\/eo\/wp-json\/wp\/v2\/types\/page"}],"author":[{"embeddable":true,"href":"https:\/\/www.esperanto.fi\/eo\/wp-json\/wp\/v2\/users\/1"}],"replies":[{"embeddable":true,"href":"https:\/\/www.esperanto.fi\/eo\/wp-json\/wp\/v2\/comments?post=2"}],"version-history":[{"count":105,"href":"https:\/\/www.esperanto.fi\/eo\/wp-json\/wp\/v2\/pages\/2\/revisions"}],"predecessor-version":[{"id":3503,"href":"https:\/\/www.esperanto.fi\/eo\/wp-json\/wp\/v2\/pages\/2\/revisions\/3503"}],"wp:attachment":[{"href":"https:\/\/www.esperanto.fi\/eo\/wp-json\/wp\/v2\/media?parent=2"}],"curies":[{"name":"wp","href":"https:\/\/api.w.org\/{rel}","templated":true}]}}