{"id":245,"date":"2018-07-25T13:35:46","date_gmt":"2018-07-25T13:35:46","guid":{"rendered":"http:\/\/www.esperanto.fi\/eo\/?page_id=245"},"modified":"2023-10-22T18:38:09","modified_gmt":"2023-10-22T15:38:09","slug":"oulu","status":"publish","type":"page","link":"https:\/\/www.esperanto.fi\/eo\/lokaj-grupoj\/oulu\/","title":{"rendered":"Oulu"},"content":{"rendered":"<h2>Esperanto-societo de Oulu<\/h2>\n<p>Esperanto-societo de Oulu estas la plej norda klubo en Finnlando. \u011ciaj membroj lo\u011das dise, sed renkontoj okazas regule. La agado enhavas lingvokursojn, esperantlingvajn studrondojn kaj aliajn komunajn aran\u011dojn kiel ekspozicioj. Gastoj estas \u0109iam bonvenaj.<\/p>\n<p>La prezidantino Aini lo\u011das en Taivalkoski kaj bonvenigas vin konati\u011di en la unika Esperanto-arbaro, kies arboj estas dedicitaj por diversaj landoj. La unua vizitanto el la koncerna lando rajtas elekti la arbon por sia propra lando.<\/p>\n<p><strong>Kontaktuloj<\/strong>:<br \/>\nAini V\u00e4\u00e4r\u00e4niemi, prezidantino, Taivalkoski; <em>aini.esperanto[\u0109e]gmail.com\u2028<\/em><br \/>\nOsmo Buller, membro, Taivalkoski;\u00a0<em>osmo.buller[\u0109e]gmail.com<\/em><\/p>\n","protected":false},"excerpt":{"rendered":"<p>Esperanto-societo de Oulu Esperanto-societo de Oulu estas la plej norda klubo en Finnlando. \u011ciaj membroj lo\u011das dise, sed renkontoj okazas regule. La agado enhavas lingvokursojn, esperantlingvajn studrondojn kaj aliajn komunajn aran\u011dojn kiel ekspozicioj. Gastoj estas \u0109iam bonvenaj. La prezidantino Aini lo\u011das en Taivalkoski kaj bonvenigas vin konati\u011di en la unika Esperanto-arbaro, kies arboj estas dedicitaj &hellip; <a href=\"https:\/\/www.esperanto.fi\/eo\/lokaj-grupoj\/oulu\/\" class=\"more-link\">Da\u016drigi legadon<span class=\"screen-reader-text\"> &#8220;Oulu&#8221;<\/span><\/a><\/p>\n","protected":false},"author":13,"featured_media":0,"parent":39,"menu_order":0,"comment_status":"closed","ping_status":"closed","template":"","meta":{"footnotes":""},"class_list":["post-245","page","type-page","status-publish","hentry"],"_links":{"self":[{"href":"https:\/\/www.esperanto.fi\/eo\/wp-json\/wp\/v2\/pages\/245","targetHints":{"allow":["GET"]}}],"collection":[{"href":"https:\/\/www.esperanto.fi\/eo\/wp-json\/wp\/v2\/pages"}],"about":[{"href":"https:\/\/www.esperanto.fi\/eo\/wp-json\/wp\/v2\/types\/page"}],"author":[{"embeddable":true,"href":"https:\/\/www.esperanto.fi\/eo\/wp-json\/wp\/v2\/users\/13"}],"replies":[{"embeddable":true,"href":"https:\/\/www.esperanto.fi\/eo\/wp-json\/wp\/v2\/comments?post=245"}],"version-history":[{"count":4,"href":"https:\/\/www.esperanto.fi\/eo\/wp-json\/wp\/v2\/pages\/245\/revisions"}],"predecessor-version":[{"id":3177,"href":"https:\/\/www.esperanto.fi\/eo\/wp-json\/wp\/v2\/pages\/245\/revisions\/3177"}],"up":[{"embeddable":true,"href":"https:\/\/www.esperanto.fi\/eo\/wp-json\/wp\/v2\/pages\/39"}],"wp:attachment":[{"href":"https:\/\/www.esperanto.fi\/eo\/wp-json\/wp\/v2\/media?parent=245"}],"curies":[{"name":"wp","href":"https:\/\/api.w.org\/{rel}","templated":true}]}}