{"id":34,"date":"2017-10-22T22:44:13","date_gmt":"2017-10-22T22:44:13","guid":{"rendered":"http:\/\/www.esperanto.fi\/eo\/?page_id=34"},"modified":"2026-01-27T19:31:57","modified_gmt":"2026-01-27T17:31:57","slug":"informoj","status":"publish","type":"page","link":"https:\/\/www.esperanto.fi\/eo\/pri-ni\/elehti\/informoj\/","title":{"rendered":"Informoj"},"content":{"rendered":"<p><strong>ESPERANTOLEHTI<\/strong> (Esperanta Finnlando, Esperantobladet)<br \/>\nKultura perioda\u0135o lingvopolitika. Organo de Esperanto-Asocio de Finnlando.<br \/>\n<strong>Fondita<\/strong>: &#8220;Finna Esperantisto&#8221; 1907. &#8220;Esperanta Finnlando&#8221; 1918\u201323, 1948\u201353, 1959\u20131987. &#8220;Esperantolehti&#8221; ekde 1989.<\/p>\n<p><strong>ISSN-tunnus<\/strong>: 0787-8206<\/p>\n<p><strong>Eldonanto<\/strong>:<br \/>\nSuomen Esperantoliitto ry<br \/>\n<em>eaf[\u0109e]esperanto.fi<\/em><\/p>\n<p><strong>Respondeca redaktoro<\/strong>: Juha Mets\u00e4kallas<br \/>\n<strong>Enpa\u011digo<\/strong>: Maisan paja, Pori<br \/>\n<strong>Presejo<\/strong>: Plusprint, Ulvila<br \/>\n<strong>Eldonkvanto<\/strong>: 150 kpl<\/p>\n<p><strong>Abonprezo:<\/strong><br \/>\n\u2022 28 \u20ac \/ jaro por ne-membro<br \/>\n\u2022 16 \u20ac \/ jaro por membroj de membrosocietoj<br \/>\n\u2022 individua membrokotizo de EAF inkluzivas abonon de Esperantolehti<\/p>\n<p><strong>Anoncprezoj<\/strong>:<br \/>\nEkster membraro:<br \/>\n\u2022 1\/1 pa\u011do 100 \u20ac<br \/>\n\u2022 1\/2 pa\u011do 60 \u20ac<br \/>\n\u2022 1\/4 pa\u011do 40 \u20ac<br \/>\nMembroj:<br \/>\n\u2022 1\/1 pa\u011do 50 \u20ac<br \/>\n\u2022 1\/2 pa\u011do 30 \u20ac<br \/>\n\u2022 1\/4 pa\u011do 20 \u20ac<\/p>\n","protected":false},"excerpt":{"rendered":"<p>ESPERANTOLEHTI (Esperanta Finnlando, Esperantobladet) Kultura perioda\u0135o lingvopolitika. Organo de Esperanto-Asocio de Finnlando. Fondita: &#8220;Finna Esperantisto&#8221; 1907. &#8220;Esperanta Finnlando&#8221; 1918\u201323, 1948\u201353, 1959\u20131987. &#8220;Esperantolehti&#8221; ekde 1989. ISSN-tunnus: 0787-8206 Eldonanto: Suomen Esperantoliitto ry eaf[\u0109e]esperanto.fi Respondeca redaktoro: Juha Mets\u00e4kallas Enpa\u011digo: Maisan paja, Pori Presejo: Plusprint, Ulvila Eldonkvanto: 150 kpl Abonprezo: \u2022 28 \u20ac \/ jaro por ne-membro \u2022 16 &hellip; <a href=\"https:\/\/www.esperanto.fi\/eo\/pri-ni\/elehti\/informoj\/\" class=\"more-link\">Da\u016drigi legadon<span class=\"screen-reader-text\"> &#8220;Informoj&#8221;<\/span><\/a><\/p>\n","protected":false},"author":1,"featured_media":0,"parent":23,"menu_order":0,"comment_status":"closed","ping_status":"closed","template":"","meta":{"footnotes":""},"class_list":["post-34","page","type-page","status-publish","hentry"],"_links":{"self":[{"href":"https:\/\/www.esperanto.fi\/eo\/wp-json\/wp\/v2\/pages\/34","targetHints":{"allow":["GET"]}}],"collection":[{"href":"https:\/\/www.esperanto.fi\/eo\/wp-json\/wp\/v2\/pages"}],"about":[{"href":"https:\/\/www.esperanto.fi\/eo\/wp-json\/wp\/v2\/types\/page"}],"author":[{"embeddable":true,"href":"https:\/\/www.esperanto.fi\/eo\/wp-json\/wp\/v2\/users\/1"}],"replies":[{"embeddable":true,"href":"https:\/\/www.esperanto.fi\/eo\/wp-json\/wp\/v2\/comments?post=34"}],"version-history":[{"count":12,"href":"https:\/\/www.esperanto.fi\/eo\/wp-json\/wp\/v2\/pages\/34\/revisions"}],"predecessor-version":[{"id":3491,"href":"https:\/\/www.esperanto.fi\/eo\/wp-json\/wp\/v2\/pages\/34\/revisions\/3491"}],"up":[{"embeddable":true,"href":"https:\/\/www.esperanto.fi\/eo\/wp-json\/wp\/v2\/pages\/23"}],"wp:attachment":[{"href":"https:\/\/www.esperanto.fi\/eo\/wp-json\/wp\/v2\/media?parent=34"}],"curies":[{"name":"wp","href":"https:\/\/api.w.org\/{rel}","templated":true}]}}