{"id":41,"date":"2017-10-22T22:57:07","date_gmt":"2017-10-22T22:57:07","guid":{"rendered":"http:\/\/www.esperanto.fi\/eo\/?page_id=41"},"modified":"2017-10-29T10:15:12","modified_gmt":"2017-10-29T10:15:12","slug":"elfi","status":"publish","type":"page","link":"https:\/\/www.esperanto.fi\/eo\/lokaj-grupoj\/elfi\/","title":{"rendered":"ELFI"},"content":{"rendered":"<h2>ELFI (Esperanto-Ligo de Finnlandaj Instruistoj)<\/h2>\n<p>En la jaro 1921 fondi\u011dis ELFI (Esperanto-Ligo de Finnlandaj Instruistoj), 2003 \u011di \u015dan\u011dis sian nomon finne al <strong><i>Suomen opettajien esperantoyhdistys ry, <\/i><\/strong>svede uzatas <strong><i>L\u00e4rarnas esperantof\u00f6rening i Finland rf<\/i><\/strong>. La asocio apartenas al la internacia Ligo de Esperanto-Instruistoj <a href=\"http:\/\/www.ilei.info\/\">ILEI<\/a> (Internacia Ligo de Esperantistaj Instruistoj) kaj estas anka\u016d membro de EAF (Esperanto-Asocio de Finnlando).<\/p>\n<p>ELFI organizas i.a. ekspoziciojn, kursojn kaj aran\u011dojn en Finnlando. Membroj ricevas 2-4-foje dum la jaro membroleteron, nome Interligilon.<\/p>\n","protected":false},"excerpt":{"rendered":"<p>ELFI (Esperanto-Ligo de Finnlandaj Instruistoj) En la jaro 1921 fondi\u011dis ELFI (Esperanto-Ligo de Finnlandaj Instruistoj), 2003 \u011di \u015dan\u011dis sian nomon finne al Suomen opettajien esperantoyhdistys ry, svede uzatas L\u00e4rarnas esperantof\u00f6rening i Finland rf. La asocio apartenas al la internacia Ligo de Esperanto-Instruistoj ILEI (Internacia Ligo de Esperantistaj Instruistoj) kaj estas anka\u016d membro de EAF (Esperanto-Asocio &hellip; <a href=\"https:\/\/www.esperanto.fi\/eo\/lokaj-grupoj\/elfi\/\" class=\"more-link\">Da\u016drigi legadon<span class=\"screen-reader-text\"> &#8220;ELFI&#8221;<\/span><\/a><\/p>\n","protected":false},"author":1,"featured_media":0,"parent":39,"menu_order":0,"comment_status":"closed","ping_status":"closed","template":"","meta":{"footnotes":""},"class_list":["post-41","page","type-page","status-publish","hentry"],"_links":{"self":[{"href":"https:\/\/www.esperanto.fi\/eo\/wp-json\/wp\/v2\/pages\/41","targetHints":{"allow":["GET"]}}],"collection":[{"href":"https:\/\/www.esperanto.fi\/eo\/wp-json\/wp\/v2\/pages"}],"about":[{"href":"https:\/\/www.esperanto.fi\/eo\/wp-json\/wp\/v2\/types\/page"}],"author":[{"embeddable":true,"href":"https:\/\/www.esperanto.fi\/eo\/wp-json\/wp\/v2\/users\/1"}],"replies":[{"embeddable":true,"href":"https:\/\/www.esperanto.fi\/eo\/wp-json\/wp\/v2\/comments?post=41"}],"version-history":[{"count":4,"href":"https:\/\/www.esperanto.fi\/eo\/wp-json\/wp\/v2\/pages\/41\/revisions"}],"predecessor-version":[{"id":128,"href":"https:\/\/www.esperanto.fi\/eo\/wp-json\/wp\/v2\/pages\/41\/revisions\/128"}],"up":[{"embeddable":true,"href":"https:\/\/www.esperanto.fi\/eo\/wp-json\/wp\/v2\/pages\/39"}],"wp:attachment":[{"href":"https:\/\/www.esperanto.fi\/eo\/wp-json\/wp\/v2\/media?parent=41"}],"curies":[{"name":"wp","href":"https:\/\/api.w.org\/{rel}","templated":true}]}}