{"id":45,"date":"2017-10-22T23:05:20","date_gmt":"2017-10-22T23:05:20","guid":{"rendered":"http:\/\/www.esperanto.fi\/eo\/?page_id=45"},"modified":"2018-07-25T13:29:46","modified_gmt":"2018-07-25T13:29:46","slug":"iisalmi","status":"publish","type":"page","link":"https:\/\/www.esperanto.fi\/eo\/lokaj-grupoj\/iisalmi\/","title":{"rendered":"Iisalmi"},"content":{"rendered":"<h2>Esperanto-klubo de Iisalmi<\/h2>\n<p>Esperanto-klubo de Iisalmi aktivas en nordorienta Finnlando por diskonigi sciojn de la internacia lingvo. La klubanoj bonvenigas vin en klubvesperoj kaj aliaj aran\u011doj. Ni volonte montras al vi la urbon Iisalmi kaj la regionon \u0109irka\u016d \u011di. Ni helpas vin kun praktika\u0135oj de via vizito.<\/p>\n<p>La klubestro, prezidanto <em>Onni Kauppinen<\/em> estas via kontaktulo. \u0108e bieno de Onni vi povas konati\u011di kun vivo en la bela finna kamparo kaj e\u0109 rajtas partopreni en la bienaj laboroj.<\/p>\n<p><strong>Kontaktu<\/strong>:<br \/>\n<em>onni.kuappinen[\u0109e]gmail.com <\/em>a\u016d<em><br \/>\n<em>eafsekretario[\u0109e]esperanto.fi<\/em><\/em><\/p>\n","protected":false},"excerpt":{"rendered":"<p>Esperanto-klubo de Iisalmi Esperanto-klubo de Iisalmi aktivas en nordorienta Finnlando por diskonigi sciojn de la internacia lingvo. La klubanoj bonvenigas vin en klubvesperoj kaj aliaj aran\u011doj. Ni volonte montras al vi la urbon Iisalmi kaj la regionon \u0109irka\u016d \u011di. Ni helpas vin kun praktika\u0135oj de via vizito. La klubestro, prezidanto Onni Kauppinen estas via kontaktulo. &hellip; <a href=\"https:\/\/www.esperanto.fi\/eo\/lokaj-grupoj\/iisalmi\/\" class=\"more-link\">Da\u016drigi legadon<span class=\"screen-reader-text\"> &#8220;Iisalmi&#8221;<\/span><\/a><\/p>\n","protected":false},"author":1,"featured_media":0,"parent":39,"menu_order":0,"comment_status":"closed","ping_status":"closed","template":"","meta":{"footnotes":""},"class_list":["post-45","page","type-page","status-publish","hentry"],"_links":{"self":[{"href":"https:\/\/www.esperanto.fi\/eo\/wp-json\/wp\/v2\/pages\/45","targetHints":{"allow":["GET"]}}],"collection":[{"href":"https:\/\/www.esperanto.fi\/eo\/wp-json\/wp\/v2\/pages"}],"about":[{"href":"https:\/\/www.esperanto.fi\/eo\/wp-json\/wp\/v2\/types\/page"}],"author":[{"embeddable":true,"href":"https:\/\/www.esperanto.fi\/eo\/wp-json\/wp\/v2\/users\/1"}],"replies":[{"embeddable":true,"href":"https:\/\/www.esperanto.fi\/eo\/wp-json\/wp\/v2\/comments?post=45"}],"version-history":[{"count":2,"href":"https:\/\/www.esperanto.fi\/eo\/wp-json\/wp\/v2\/pages\/45\/revisions"}],"predecessor-version":[{"id":244,"href":"https:\/\/www.esperanto.fi\/eo\/wp-json\/wp\/v2\/pages\/45\/revisions\/244"}],"up":[{"embeddable":true,"href":"https:\/\/www.esperanto.fi\/eo\/wp-json\/wp\/v2\/pages\/39"}],"wp:attachment":[{"href":"https:\/\/www.esperanto.fi\/eo\/wp-json\/wp\/v2\/media?parent=45"}],"curies":[{"name":"wp","href":"https:\/\/api.w.org\/{rel}","templated":true}]}}