{"id":52,"date":"2017-10-22T23:24:50","date_gmt":"2017-10-22T23:24:50","guid":{"rendered":"http:\/\/www.esperanto.fi\/eo\/?page_id=52"},"modified":"2026-04-13T23:01:12","modified_gmt":"2026-04-13T20:01:12","slug":"tampere","status":"publish","type":"page","link":"https:\/\/www.esperanto.fi\/eo\/lokaj-grupoj\/tampere\/","title":{"rendered":"Anta\u016den"},"content":{"rendered":"<h2>Esperanto-societo Anta\u016den<\/h2>\n<p><strong>Esperanto-societo Anta\u016den<\/strong> estas societo de Tampere-aj esperantistoj. La societo diskonatigas la lingvon internacian en provinco de Pirkanmaa. La societo estas membro de Esperanto-Asocio de Finnlando (EAF), kiu estas membro de Universala Esperanto-Asocio (<a href=\"http:\/\/uea.org\/\">UEA<\/a>).<\/p>\n<p>En la jaro 2021 la societo fari\u011dis 100 jara.<\/p>\n<p>Unu fojon monate dum a\u016dtun- kaj vintrotempo estas klubrenkonti\u011doj, en kiuj estas diversaj programa\u0135oj en Esperanto kaj finne. Ordinare printempe estas ekskurso. <a href=\"\/eo\/lokaj-grupoj\/tampere\/programo\/\">Somere ni kunvenas<\/a> \u0135a\u016dde en iu kafejo de la \u0109entro de Tampere.<\/p>\n<p><span style=\"color: #ff0000\">&gt; \u011cisdatigita: 2026-04-13<br \/>\n<\/span><\/p>\n","protected":false},"excerpt":{"rendered":"<p>Esperanto-societo Anta\u016den Esperanto-societo Anta\u016den estas societo de Tampere-aj esperantistoj. La societo diskonatigas la lingvon internacian en provinco de Pirkanmaa. La societo estas membro de Esperanto-Asocio de Finnlando (EAF), kiu estas membro de Universala Esperanto-Asocio (UEA). En la jaro 2021 la societo fari\u011dis 100 jara. Unu fojon monate dum a\u016dtun- kaj vintrotempo estas klubrenkonti\u011doj, en kiuj &hellip; <a href=\"https:\/\/www.esperanto.fi\/eo\/lokaj-grupoj\/tampere\/\" class=\"more-link\">Da\u016drigi legadon<span class=\"screen-reader-text\"> &#8220;Anta\u016den&#8221;<\/span><\/a><\/p>\n","protected":false},"author":1,"featured_media":0,"parent":39,"menu_order":0,"comment_status":"closed","ping_status":"closed","template":"","meta":{"footnotes":""},"class_list":["post-52","page","type-page","status-publish","hentry"],"_links":{"self":[{"href":"https:\/\/www.esperanto.fi\/eo\/wp-json\/wp\/v2\/pages\/52","targetHints":{"allow":["GET"]}}],"collection":[{"href":"https:\/\/www.esperanto.fi\/eo\/wp-json\/wp\/v2\/pages"}],"about":[{"href":"https:\/\/www.esperanto.fi\/eo\/wp-json\/wp\/v2\/types\/page"}],"author":[{"embeddable":true,"href":"https:\/\/www.esperanto.fi\/eo\/wp-json\/wp\/v2\/users\/1"}],"replies":[{"embeddable":true,"href":"https:\/\/www.esperanto.fi\/eo\/wp-json\/wp\/v2\/comments?post=52"}],"version-history":[{"count":28,"href":"https:\/\/www.esperanto.fi\/eo\/wp-json\/wp\/v2\/pages\/52\/revisions"}],"predecessor-version":[{"id":3510,"href":"https:\/\/www.esperanto.fi\/eo\/wp-json\/wp\/v2\/pages\/52\/revisions\/3510"}],"up":[{"embeddable":true,"href":"https:\/\/www.esperanto.fi\/eo\/wp-json\/wp\/v2\/pages\/39"}],"wp:attachment":[{"href":"https:\/\/www.esperanto.fi\/eo\/wp-json\/wp\/v2\/media?parent=52"}],"curies":[{"name":"wp","href":"https:\/\/api.w.org\/{rel}","templated":true}]}}