{"id":57,"date":"2017-10-22T23:37:04","date_gmt":"2017-10-22T23:37:04","guid":{"rendered":"http:\/\/www.esperanto.fi\/eo\/?page_id=57"},"modified":"2026-04-13T22:45:50","modified_gmt":"2026-04-13T19:45:50","slug":"programo","status":"publish","type":"page","link":"https:\/\/www.esperanto.fi\/eo\/lokaj-grupoj\/tampere\/programo\/","title":{"rendered":"Programo"},"content":{"rendered":"<h3>La programo de Esperanto-societo Anta\u016den<\/h3>\n<div class=\"page\" title=\"Page 9\">\n<div class=\"section\">\n<div class=\"layoutArea\">\n<div class=\"column\">\n<h2>Bonvenon al niaj renkonti\u011doj!<\/h2>\n<p>Ni renkonti\u011dos sekvafoje merkredon, la <strong>10-an de junio<\/strong>, por ekskurso al <em>Nuutaj\u00e4rven Lasikyl\u00e4<\/em>. Se vi volas ekskursi kun ni, bonvolu kontakti Sylvia, sekretario, vidu kontaktinformojn sube.<\/p>\n\n<p>Niaj someraj renkonti\u011doj okazos en bistroo <em>Venla<\/em>, Kauppakatu 6, Tampere, \u0135a\u016dde je la 14-a horo:<\/br> \nen junio la <b>25-an<\/b>,<\/br> en julio la <b>9-an<\/b> kaj <b>23-an<\/b>,<\/br> en a\u016dgusto la <b>6-an<\/b> kaj <b>20-an<\/b>.\n\n<p>Por viziti, bonvolu informi pri via alveno al raimo.tuisku&#64;saunalahti.fi a\u016d al sylvia.h&#64;kolumbus.fi (050 321 4313) <\/p>\n<\/div>\n<\/div>\n<\/div>\n<\/div>\n\n\n<p><\/p>\n","protected":false},"excerpt":{"rendered":"<p>La programo de Esperanto-societo Anta\u016den Bonvenon al niaj renkonti\u011doj! Ni renkonti\u011dos sekvafoje merkredon, la 10-an de junio, por ekskurso al Nuutaj\u00e4rven Lasikyl\u00e4. Se vi volas ekskursi kun ni, bonvolu kontakti Sylvia, sekretario, vidu kontaktinformojn sube. Niaj someraj renkonti\u011doj okazos en bistroo Venla, Kauppakatu 6, Tampere, \u0135a\u016dde je la 14-a horo: en junio la 25-an, en &hellip; <a href=\"https:\/\/www.esperanto.fi\/eo\/lokaj-grupoj\/tampere\/programo\/\" class=\"more-link\">Da\u016drigi legadon<span class=\"screen-reader-text\"> &#8220;Programo&#8221;<\/span><\/a><\/p>\n","protected":false},"author":13,"featured_media":0,"parent":52,"menu_order":0,"comment_status":"closed","ping_status":"closed","template":"","meta":{"footnotes":""},"class_list":["post-57","page","type-page","status-publish","hentry"],"_links":{"self":[{"href":"https:\/\/www.esperanto.fi\/eo\/wp-json\/wp\/v2\/pages\/57","targetHints":{"allow":["GET"]}}],"collection":[{"href":"https:\/\/www.esperanto.fi\/eo\/wp-json\/wp\/v2\/pages"}],"about":[{"href":"https:\/\/www.esperanto.fi\/eo\/wp-json\/wp\/v2\/types\/page"}],"author":[{"embeddable":true,"href":"https:\/\/www.esperanto.fi\/eo\/wp-json\/wp\/v2\/users\/13"}],"replies":[{"embeddable":true,"href":"https:\/\/www.esperanto.fi\/eo\/wp-json\/wp\/v2\/comments?post=57"}],"version-history":[{"count":85,"href":"https:\/\/www.esperanto.fi\/eo\/wp-json\/wp\/v2\/pages\/57\/revisions"}],"predecessor-version":[{"id":3508,"href":"https:\/\/www.esperanto.fi\/eo\/wp-json\/wp\/v2\/pages\/57\/revisions\/3508"}],"up":[{"embeddable":true,"href":"https:\/\/www.esperanto.fi\/eo\/wp-json\/wp\/v2\/pages\/52"}],"wp:attachment":[{"href":"https:\/\/www.esperanto.fi\/eo\/wp-json\/wp\/v2\/media?parent=57"}],"curies":[{"name":"wp","href":"https:\/\/api.w.org\/{rel}","templated":true}]}}