{"id":59,"date":"2017-10-22T23:38:48","date_gmt":"2017-10-22T23:38:48","guid":{"rendered":"http:\/\/www.esperanto.fi\/eo\/?page_id=59"},"modified":"2022-08-31T20:49:59","modified_gmt":"2022-08-31T17:49:59","slug":"turku","status":"publish","type":"page","link":"https:\/\/www.esperanto.fi\/eo\/lokaj-grupoj\/turku\/","title":{"rendered":"Turku"},"content":{"rendered":"\n<h2>Esperanto-societo en Turku (EST)<\/h2>\n<p>EST alvokas membrojn kaj amikojn en sudokcidenta Finnlando renkonti en aran\u011doj de la asocio. Ni havas du esperantlingvajn \u0109i\u0109eronoj kiuj volonte montros al vi la urbon. Vizitoj kune al lokaj muzeoj okazas multfoje dum la jaro.<\/p>\n<p><strong>Ni renkonti\u011das \u0109iusemajne<\/strong> dum kursoj en la Civitana Instituto de Aurala, nia kunlaboranto en instruado de la internacia lingvo. Kursoj por elementanoj kaj progresantoj de septembro \u011dis decembro kaj de januaro \u011dis aprilo. Vidu <a href=\"https:\/\/aurala.fi\/\">www.aurala.fi<\/a> (nur finnlingvaj pa\u011doj).<\/p>\n<p><strong>\u0134a\u016dde<\/strong> ni havas preska\u016d \u0109iun semajnon de la jaro renkonton en la kafejo de la \u0109efbiblioteko a\u016d en iu alia kafejo en la urbo. Bonvolu kontakti\u011di kun ni, se vi vizitas nian urbon.<\/p>\n<p><strong>Bonvenon<\/strong>!<br \/><br \/><em><strong>Kontaktuloj<\/strong>:<\/em><br \/>Tiina Oittinen, prezidanto de EST, <em>tiina.oittinen[\u0109e]pp.inet.fi<\/em><br \/>Leena Tiusanen, viceprezidanto de EST, <em>leena.tiusanen[\u0109e]elisanet.fi<br \/><\/em>Juha Mets\u00e4kallas<em>, sekretario\/informanto de EST, Juha.Metsakallas[\u0109e]iki.fi<br \/><\/em><\/p>\n<p>Niajn aferojn vi povas sekvi anka\u016d en <a href=\"https:\/\/finnababilejo.fi\/\"><em>Finna babilejo<\/em><\/a><br \/><em>kontaktulo<\/em>: <em>Juha.Metsakallas[\u0109e]iki.fi<\/em><em><br \/><\/em><\/p>\n\n\n\n<p><\/p>\n","protected":false},"excerpt":{"rendered":"<p>Esperanto-societo en Turku (EST) EST alvokas membrojn kaj amikojn en sudokcidenta Finnlando renkonti en aran\u011doj de la asocio. Ni havas du esperantlingvajn \u0109i\u0109eronoj kiuj volonte montros al vi la urbon. Vizitoj kune al lokaj muzeoj okazas multfoje dum la jaro. Ni renkonti\u011das \u0109iusemajne dum kursoj en la Civitana Instituto de Aurala, nia kunlaboranto en instruado &hellip; <a href=\"https:\/\/www.esperanto.fi\/eo\/lokaj-grupoj\/turku\/\" class=\"more-link\">Da\u016drigi legadon<span class=\"screen-reader-text\"> &#8220;Turku&#8221;<\/span><\/a><\/p>\n","protected":false},"author":1,"featured_media":0,"parent":39,"menu_order":0,"comment_status":"closed","ping_status":"closed","template":"","meta":{"footnotes":""},"class_list":["post-59","page","type-page","status-publish","hentry"],"_links":{"self":[{"href":"https:\/\/www.esperanto.fi\/eo\/wp-json\/wp\/v2\/pages\/59","targetHints":{"allow":["GET"]}}],"collection":[{"href":"https:\/\/www.esperanto.fi\/eo\/wp-json\/wp\/v2\/pages"}],"about":[{"href":"https:\/\/www.esperanto.fi\/eo\/wp-json\/wp\/v2\/types\/page"}],"author":[{"embeddable":true,"href":"https:\/\/www.esperanto.fi\/eo\/wp-json\/wp\/v2\/users\/1"}],"replies":[{"embeddable":true,"href":"https:\/\/www.esperanto.fi\/eo\/wp-json\/wp\/v2\/comments?post=59"}],"version-history":[{"count":20,"href":"https:\/\/www.esperanto.fi\/eo\/wp-json\/wp\/v2\/pages\/59\/revisions"}],"predecessor-version":[{"id":3089,"href":"https:\/\/www.esperanto.fi\/eo\/wp-json\/wp\/v2\/pages\/59\/revisions\/3089"}],"up":[{"embeddable":true,"href":"https:\/\/www.esperanto.fi\/eo\/wp-json\/wp\/v2\/pages\/39"}],"wp:attachment":[{"href":"https:\/\/www.esperanto.fi\/eo\/wp-json\/wp\/v2\/media?parent=59"}],"curies":[{"name":"wp","href":"https:\/\/api.w.org\/{rel}","templated":true}]}}