{"id":63,"date":"2017-10-22T23:51:02","date_gmt":"2017-10-22T23:51:02","guid":{"rendered":"http:\/\/www.esperanto.fi\/eo\/?page_id=63"},"modified":"2024-04-21T23:51:53","modified_gmt":"2024-04-21T20:51:53","slug":"membreco","status":"publish","type":"page","link":"https:\/\/www.esperanto.fi\/eo\/pri-ni\/membreco\/","title":{"rendered":"Membreco"},"content":{"rendered":"<h2>Membri\u011do en EAF<\/h2>\n<p>Eblas i\u011di membro de la Esperanto-Asocio per <strong>du manieroj<\/strong>:<em> A\u016d<\/em><br \/>\n(1) kiel <strong>individua membro<\/strong>, kiu kostas 24 \u20ac (2024). La membreco enhavas la gazeton <a href=\"..\/elehti\/\">Esperantolehti<\/a> (5 numeroj \/ jaro) <em>a\u016d<\/em><br \/>\n(2) kiel <strong>asocia membro<\/strong> tra membroasocio, kiu pagas vian parton al EAF. \u0108iu membro de membroasocio (loka grupo) estas anka\u016d membro de EAF. La gazeto Esperantolehti ne a\u016dtomate inkluzivas, sed estas abonebla aparte kontra\u016d rabatita prezo (16 \u20ac).<br \/>\n&gt; <strong>Pliaj informoj:<\/strong> <a href=\"https:\/\/www.esperanto.fi\/kontakto\/regularo\/\">vidu en la Statutoj, \u00a75<\/a><\/p>\n<h5>Membreco en Societo Nino Runeberg<\/h5>\n<p>Vi povas la\u016dvole subteni la funkciadon de EAF pere de membri\u011do en Societo Nino Runeberg. Membreco en \u011di \u0109i-jare (2024) kostas 48 \u20ac.<\/p>\n<p>\u011ciru la membrokotizojn al la konto de EAF: FI82 5721 1520 2859 38. Kontaktu la asocian sekretarion por doni viajn kontaktinformojn (ekz. por sendi Esperantolehti). Kontaktinformoj de nia sekretario trovi\u011das <a href=\"http:\/\/esperanto.fi\/eo\/pri-ni\/adresoj\/\">\u0109i tie<\/a>.<br \/>\nSuomen Esperantoliitto ry<\/p>\n","protected":false},"excerpt":{"rendered":"<p>Membri\u011do en EAF Eblas i\u011di membro de la Esperanto-Asocio per du manieroj: A\u016d (1) kiel individua membro, kiu kostas 24 \u20ac (2024). La membreco enhavas la gazeton Esperantolehti (5 numeroj \/ jaro) a\u016d (2) kiel asocia membro tra membroasocio, kiu pagas vian parton al EAF. \u0108iu membro de membroasocio (loka grupo) estas anka\u016d membro de &hellip; <a href=\"https:\/\/www.esperanto.fi\/eo\/pri-ni\/membreco\/\" class=\"more-link\">Da\u016drigi legadon<span class=\"screen-reader-text\"> &#8220;Membreco&#8221;<\/span><\/a><\/p>\n","protected":false},"author":1,"featured_media":0,"parent":61,"menu_order":0,"comment_status":"closed","ping_status":"closed","template":"","meta":{"footnotes":""},"class_list":["post-63","page","type-page","status-publish","hentry"],"_links":{"self":[{"href":"https:\/\/www.esperanto.fi\/eo\/wp-json\/wp\/v2\/pages\/63","targetHints":{"allow":["GET"]}}],"collection":[{"href":"https:\/\/www.esperanto.fi\/eo\/wp-json\/wp\/v2\/pages"}],"about":[{"href":"https:\/\/www.esperanto.fi\/eo\/wp-json\/wp\/v2\/types\/page"}],"author":[{"embeddable":true,"href":"https:\/\/www.esperanto.fi\/eo\/wp-json\/wp\/v2\/users\/1"}],"replies":[{"embeddable":true,"href":"https:\/\/www.esperanto.fi\/eo\/wp-json\/wp\/v2\/comments?post=63"}],"version-history":[{"count":8,"href":"https:\/\/www.esperanto.fi\/eo\/wp-json\/wp\/v2\/pages\/63\/revisions"}],"predecessor-version":[{"id":3216,"href":"https:\/\/www.esperanto.fi\/eo\/wp-json\/wp\/v2\/pages\/63\/revisions\/3216"}],"up":[{"embeddable":true,"href":"https:\/\/www.esperanto.fi\/eo\/wp-json\/wp\/v2\/pages\/61"}],"wp:attachment":[{"href":"https:\/\/www.esperanto.fi\/eo\/wp-json\/wp\/v2\/media?parent=63"}],"curies":[{"name":"wp","href":"https:\/\/api.w.org\/{rel}","templated":true}]}}