{"id":55,"date":"2018-07-07T20:31:21","date_gmt":"2018-07-07T17:31:21","guid":{"rendered":"http:\/\/www.esperanto.fi\/uk2019\/?page_id=55"},"modified":"2019-02-25T17:43:09","modified_gmt":"2019-02-25T14:43:09","slug":"kongresejo","status":"publish","type":"page","link":"https:\/\/www.esperanto.fi\/uk2019\/kongresejo\/","title":{"rendered":"Kongresejo"},"content":{"rendered":"<p>La glacihokea halo <em>Isku Areena<\/em>\u00a0transformi\u011dos al moderna kongresejo por la 104-a Universala Kongreso. Krome oni uzos dum la kongreso salonojn de la fakaltlernejo trans la vojo. La distanco inter tiuj\u00a0\u0109i lokoj estas kelkaj minutoj piede. La urbocentron de Lahtio kaj plejparton de la hoteloj oni atingas facile piede en 5\u201310 minutoj.<\/p>\n<p><em>Isku Areena<\/em>\u00a0situas\u00a0\u0109e la sporta centro de Lahtio, do post kelk-minuta piediro oni atingas ne nur la famajn skisaltejojn (kaj fakte\u00a0anka\u016d la\u00a0radiomastojn), sed abunde vastajn arbarojn.<\/p>\n<p>Sekreto, kiun eble nur lahtianoj scias: se oni pa\u015das kvin minutojn de la kongresejo, kaj subiras la\u00a0a\u016dto\u015doseon, oni alvenas al malgranda lageto kun pla\u011do! Eble vi emas na\u011di inter la prelegoj?<\/p>\n<p><img loading=\"lazy\" decoding=\"async\" class=\"alignnone size-full wp-image-166\" src=\"https:\/\/www.esperanto.fi\/uk2019\/wp-content\/uploads\/sites\/4\/2018\/08\/B47166F0-3969-408E-B26A-A3DCC03E88B4.jpeg\" alt=\"\" width=\"1007\" height=\"672\" srcset=\"https:\/\/www.esperanto.fi\/uk2019\/wp-content\/uploads\/sites\/4\/2018\/08\/B47166F0-3969-408E-B26A-A3DCC03E88B4.jpeg 1007w, https:\/\/www.esperanto.fi\/uk2019\/wp-content\/uploads\/sites\/4\/2018\/08\/B47166F0-3969-408E-B26A-A3DCC03E88B4-300x200.jpeg 300w, https:\/\/www.esperanto.fi\/uk2019\/wp-content\/uploads\/sites\/4\/2018\/08\/B47166F0-3969-408E-B26A-A3DCC03E88B4-768x513.jpeg 768w\" sizes=\"auto, (max-width: 767px) 89vw, (max-width: 1000px) 54vw, (max-width: 1071px) 543px, 580px\" \/><img loading=\"lazy\" decoding=\"async\" class=\"alignnone size-full wp-image-148\" src=\"https:\/\/www.esperanto.fi\/uk2019\/wp-content\/uploads\/sites\/4\/2018\/08\/E4EE0939-B8D8-48AB-9C72-89375791E6D2.jpeg\" alt=\"\" width=\"3024\" height=\"2016\" srcset=\"https:\/\/www.esperanto.fi\/uk2019\/wp-content\/uploads\/sites\/4\/2018\/08\/E4EE0939-B8D8-48AB-9C72-89375791E6D2.jpeg 3024w, https:\/\/www.esperanto.fi\/uk2019\/wp-content\/uploads\/sites\/4\/2018\/08\/E4EE0939-B8D8-48AB-9C72-89375791E6D2-300x200.jpeg 300w, https:\/\/www.esperanto.fi\/uk2019\/wp-content\/uploads\/sites\/4\/2018\/08\/E4EE0939-B8D8-48AB-9C72-89375791E6D2-768x512.jpeg 768w, https:\/\/www.esperanto.fi\/uk2019\/wp-content\/uploads\/sites\/4\/2018\/08\/E4EE0939-B8D8-48AB-9C72-89375791E6D2-1024x683.jpeg 1024w\" sizes=\"auto, (max-width: 767px) 89vw, (max-width: 1000px) 54vw, (max-width: 1071px) 543px, 580px\" \/><img loading=\"lazy\" decoding=\"async\" class=\"alignnone size-full wp-image-160\" src=\"https:\/\/www.esperanto.fi\/uk2019\/wp-content\/uploads\/sites\/4\/2018\/08\/63007478-3699-4D4A-AFE5-FB0E98B774D2.jpeg\" alt=\"\" width=\"1008\" height=\"672\" srcset=\"https:\/\/www.esperanto.fi\/uk2019\/wp-content\/uploads\/sites\/4\/2018\/08\/63007478-3699-4D4A-AFE5-FB0E98B774D2.jpeg 1008w, https:\/\/www.esperanto.fi\/uk2019\/wp-content\/uploads\/sites\/4\/2018\/08\/63007478-3699-4D4A-AFE5-FB0E98B774D2-300x200.jpeg 300w, https:\/\/www.esperanto.fi\/uk2019\/wp-content\/uploads\/sites\/4\/2018\/08\/63007478-3699-4D4A-AFE5-FB0E98B774D2-768x512.jpeg 768w\" sizes=\"auto, (max-width: 767px) 89vw, (max-width: 1000px) 54vw, (max-width: 1071px) 543px, 580px\" \/><img loading=\"lazy\" decoding=\"async\" class=\"alignnone size-full wp-image-158\" src=\"https:\/\/www.esperanto.fi\/uk2019\/wp-content\/uploads\/sites\/4\/2018\/08\/79557F4A-0846-410B-A5A1-8087A5F50129.jpeg\" alt=\"\" width=\"1008\" height=\"672\" srcset=\"https:\/\/www.esperanto.fi\/uk2019\/wp-content\/uploads\/sites\/4\/2018\/08\/79557F4A-0846-410B-A5A1-8087A5F50129.jpeg 1008w, https:\/\/www.esperanto.fi\/uk2019\/wp-content\/uploads\/sites\/4\/2018\/08\/79557F4A-0846-410B-A5A1-8087A5F50129-300x200.jpeg 300w, https:\/\/www.esperanto.fi\/uk2019\/wp-content\/uploads\/sites\/4\/2018\/08\/79557F4A-0846-410B-A5A1-8087A5F50129-768x512.jpeg 768w\" sizes=\"auto, (max-width: 767px) 89vw, (max-width: 1000px) 54vw, (max-width: 1071px) 543px, 580px\" \/><\/p>\n<p style=\"text-align: right\"><span style=\"font-size: 8pt\">Fotoj: Sofia Bister<\/span><\/p>\n","protected":false},"excerpt":{"rendered":"<p>La glacihokea halo Isku Areena\u00a0transformi\u011dos al moderna kongresejo por la 104-a Universala Kongreso. Krome oni uzos dum la kongreso salonojn de la fakaltlernejo trans la vojo. La distanco inter tiuj\u00a0\u0109i lokoj estas kelkaj minutoj piede. La urbocentron de Lahtio kaj plejparton de la hoteloj oni atingas facile piede en 5\u201310 minutoj. Isku Areena\u00a0situas\u00a0\u0109e la sporta &hellip; <\/p>\n<p class=\"link-more\"><a href=\"https:\/\/www.esperanto.fi\/uk2019\/kongresejo\/\" class=\"more-link\">Da\u016drigi legadon<span class=\"screen-reader-text\"> &#8220;Kongresejo&#8221;<\/span><\/a><\/p>\n","protected":false},"author":18,"featured_media":0,"parent":0,"menu_order":0,"comment_status":"closed","ping_status":"closed","template":"","meta":{"footnotes":""},"class_list":["post-55","page","type-page","status-publish","hentry"],"_links":{"self":[{"href":"https:\/\/www.esperanto.fi\/uk2019\/wp-json\/wp\/v2\/pages\/55","targetHints":{"allow":["GET"]}}],"collection":[{"href":"https:\/\/www.esperanto.fi\/uk2019\/wp-json\/wp\/v2\/pages"}],"about":[{"href":"https:\/\/www.esperanto.fi\/uk2019\/wp-json\/wp\/v2\/types\/page"}],"author":[{"embeddable":true,"href":"https:\/\/www.esperanto.fi\/uk2019\/wp-json\/wp\/v2\/users\/18"}],"replies":[{"embeddable":true,"href":"https:\/\/www.esperanto.fi\/uk2019\/wp-json\/wp\/v2\/comments?post=55"}],"version-history":[{"count":16,"href":"https:\/\/www.esperanto.fi\/uk2019\/wp-json\/wp\/v2\/pages\/55\/revisions"}],"predecessor-version":[{"id":259,"href":"https:\/\/www.esperanto.fi\/uk2019\/wp-json\/wp\/v2\/pages\/55\/revisions\/259"}],"wp:attachment":[{"href":"https:\/\/www.esperanto.fi\/uk2019\/wp-json\/wp\/v2\/media?parent=55"}],"curies":[{"name":"wp","href":"https:\/\/api.w.org\/{rel}","templated":true}]}}