{"id":57,"date":"2018-07-07T20:31:37","date_gmt":"2018-07-07T17:31:37","guid":{"rendered":"http:\/\/www.esperanto.fi\/uk2019\/?page_id=57"},"modified":"2019-02-25T17:55:44","modified_gmt":"2019-02-25T14:55:44","slug":"alveno","status":"publish","type":"page","link":"https:\/\/www.esperanto.fi\/uk2019\/alveno\/","title":{"rendered":"Alveno"},"content":{"rendered":"<p style=\"text-align: right\"><strong><em>Kvankam Finnlando situas en la nordorienta angulo de E\u016dropo, estas facile atingi\u00a0\u011din kaj la kongresurbon Lahtion.\u00a0<\/em><\/strong><\/p>\n<p>La plej proksima flughaveno estas la plej granda en Finnlando, Helsinki-Vantaa. Aliaj relative proksimaj sed pli malgrandaj flughavenoj situas en Tampereo kaj Turku. Al Helsinki-Vantaa surteri\u011das\u00a0\u0109iutage multaj rektaj flugoj de E\u016dropo, kaj la finna flugkompanio Finnair flugas rekte al Helsinko e\u0109 de multaj aziaj kaj nordamerikaj urboj. Trajna voja\u011do de la flughaveno Helsinki-Vantaa al Lahtio da\u016dras unu horon, kaj \u00a0dum la tago ekveturas proksimume du trajnoj hore de Helsinko al Lahtio. Rektaj a\u016dtobusoj de la flughaveno al Lahtio ekveturas anka\u016d meze de la nokto.<\/p>\n<p>De la rusa urbo Sankt-Peterburgo oni atingas Lahtion en malpli ol tri horoj &#8211; per rekta trajno!\u00a0Eblas anka\u016d flugi unue al Stokholmo, Svedio, kaj\u00a0\u015dan\u011di al unu el la multaj flugoj inter Stokholmo kaj Helsinko. Krome, eblas\u00a0anka\u016d pasigi unu nokton sur la ondoj de la Balta Maro, kaj\u00a0\u015dipveturi de Stokholmo al Helsinko a\u016d Turku. Ekzistas rektaj\u00a0\u015dipoj\u00a0anka\u016d inter Germanio kaj Finnlando.<\/p>\n<p>E\u0109 tiuj, kiuj ne volas flugi aviadile, atingos Lahtion relative facile. Eblas veturi\u00a0per a\u016dtobuso,\u00a0propra a\u016dto a\u016d biciklo tra la baltaj landoj\u00a0\u011dis la marbordo en Talino, Estonio, kaj de tie da\u016drigi per\u00a0\u015dipo dum kelkaj horoj (estas spaco en la\u00a0\u015dipo anka\u016d por via\u00a0a\u016dtomobilo!)\u00a0\u011dis Helsinko. Meze\u016dropanoj povas veturi\u00a0anka\u016d tra Danlando kaj Svedio\u00a0\u011dis la\u00a0\u015dipoj al Finnlando &#8211;\u00a0a\u016d, se oni havas tempon kaj volas konati\u011di kun la laponia naturo, veturi tra norda Svedio al Finnlando.<\/p>\n<p style=\"text-align: right\"><a href=\"https:\/\/www.vr.fi\/cs\/vr\/en\/frontpage\"><span style=\"font-size: 12pt\"><strong>Trajnoj en Finnlando (VR)<\/strong><\/span><\/a><\/p>\n<p style=\"text-align: right\"><a href=\"https:\/\/matkahuolto.fi\/en\/\"><span style=\"font-size: 12pt\"><strong>A\u016dtobusoj en Finnlando (Matkahuolto)<\/strong><\/span><\/a><\/p>\n<p style=\"text-align: right\"><strong><a href=\"https:\/\/www.finavia.fi\/en\/airports\/helsinki-airport\">Flughaveno de Helsinki-Vantaa<\/a><\/strong><\/p>\n<p><img loading=\"lazy\" decoding=\"async\" class=\"alignnone size-full wp-image-149\" src=\"https:\/\/www.esperanto.fi\/uk2019\/wp-content\/uploads\/sites\/4\/2018\/08\/00462625-217B-4CB1-A0AD-100C6CC898A3.jpeg\" alt=\"\" width=\"1008\" height=\"672\" srcset=\"https:\/\/www.esperanto.fi\/uk2019\/wp-content\/uploads\/sites\/4\/2018\/08\/00462625-217B-4CB1-A0AD-100C6CC898A3.jpeg 1008w, https:\/\/www.esperanto.fi\/uk2019\/wp-content\/uploads\/sites\/4\/2018\/08\/00462625-217B-4CB1-A0AD-100C6CC898A3-300x200.jpeg 300w, https:\/\/www.esperanto.fi\/uk2019\/wp-content\/uploads\/sites\/4\/2018\/08\/00462625-217B-4CB1-A0AD-100C6CC898A3-768x512.jpeg 768w\" sizes=\"auto, (max-width: 767px) 89vw, (max-width: 1000px) 54vw, (max-width: 1071px) 543px, 580px\" \/><\/p>\n<p style=\"text-align: right\"><span style=\"font-size: 8pt\">Foto: Sofia Bister<\/span><\/p>\n","protected":false},"excerpt":{"rendered":"<p>Kvankam Finnlando situas en la nordorienta angulo de E\u016dropo, estas facile atingi\u00a0\u011din kaj la kongresurbon Lahtion.\u00a0 La plej proksima flughaveno estas la plej granda en Finnlando, Helsinki-Vantaa. Aliaj relative proksimaj sed pli malgrandaj flughavenoj situas en Tampereo kaj Turku. Al Helsinki-Vantaa surteri\u011das\u00a0\u0109iutage multaj rektaj flugoj de E\u016dropo, kaj la finna flugkompanio Finnair flugas rekte al &hellip; <\/p>\n<p class=\"link-more\"><a href=\"https:\/\/www.esperanto.fi\/uk2019\/alveno\/\" class=\"more-link\">Da\u016drigi legadon<span class=\"screen-reader-text\"> &#8220;Alveno&#8221;<\/span><\/a><\/p>\n","protected":false},"author":18,"featured_media":0,"parent":0,"menu_order":0,"comment_status":"closed","ping_status":"closed","template":"","meta":{"footnotes":""},"class_list":["post-57","page","type-page","status-publish","hentry"],"_links":{"self":[{"href":"https:\/\/www.esperanto.fi\/uk2019\/wp-json\/wp\/v2\/pages\/57","targetHints":{"allow":["GET"]}}],"collection":[{"href":"https:\/\/www.esperanto.fi\/uk2019\/wp-json\/wp\/v2\/pages"}],"about":[{"href":"https:\/\/www.esperanto.fi\/uk2019\/wp-json\/wp\/v2\/types\/page"}],"author":[{"embeddable":true,"href":"https:\/\/www.esperanto.fi\/uk2019\/wp-json\/wp\/v2\/users\/18"}],"replies":[{"embeddable":true,"href":"https:\/\/www.esperanto.fi\/uk2019\/wp-json\/wp\/v2\/comments?post=57"}],"version-history":[{"count":8,"href":"https:\/\/www.esperanto.fi\/uk2019\/wp-json\/wp\/v2\/pages\/57\/revisions"}],"predecessor-version":[{"id":263,"href":"https:\/\/www.esperanto.fi\/uk2019\/wp-json\/wp\/v2\/pages\/57\/revisions\/263"}],"wp:attachment":[{"href":"https:\/\/www.esperanto.fi\/uk2019\/wp-json\/wp\/v2\/media?parent=57"}],"curies":[{"name":"wp","href":"https:\/\/api.w.org\/{rel}","templated":true}]}}