{"id":64,"date":"2018-07-08T14:41:52","date_gmt":"2018-07-08T11:41:52","guid":{"rendered":"http:\/\/www.esperanto.fi\/uk2019\/?page_id=64"},"modified":"2019-02-25T17:50:32","modified_gmt":"2019-02-25T14:50:32","slug":"lahtio","status":"publish","type":"page","link":"https:\/\/www.esperanto.fi\/uk2019\/lahtio\/","title":{"rendered":"Lahtio"},"content":{"rendered":"<p style=\"text-align: right\"><span style=\"font-size: 14pt\"><em><strong>Naturo, sporto kaj kulturo\u00a0<\/strong><\/em><\/span><\/p>\n<p>Lahtio (<em>Lahti,\u00a0<\/em><em>Lahtis)\u00a0<\/em>estas urbo en suda Finnlando, \u00a0100 kilometrojn nordoriente de la\u00a0\u0109efurbo\u00a0Helsinko. Kun preska\u016d 120\u00a0000\u00a0lo\u011dantoj, Lahtio estas la oka plej granda urbo en Finnlando.<\/p>\n<p>Lahtio estas fama pro siaj skisaltejoj kaj radiomastoj, sed anka\u016d pro Sibelius-domo, konstruita en la jaro 2000. Tie okazas multaj koncertoj, kongresoj kaj aliaj kulturaj eventoj. Sibelius-domo ricevis sian nomon de la fama finna komponisto, Jean Sibelius.\u00a0La skisaltejoj gastigas internaciajn sportemulojn\u00a0\u0109iuvintre dum la famaj konkursoj de Salpausselk\u00e4, <em>Salpaussel\u00e4n kisat<\/em>.<\/p>\n<p>La pura kaj trankvila finna naturo, kun siaj lagoj kaj arbaroj, kviete brakumas la urbon. Post kvin-minuta piediro for de la urbocentro trovi\u011das la bordo de la lago <em>Vesij\u00e4rvi<\/em> kaj\u00a0la haveno, kiun multaj Lahtianoj konsideras kiel sian plej\u00a0\u015datatan lokon en la tuta urbo.<\/p>\n<p><strong>Lahtio\u00a0\u011doje invitas esperantistojn al la 104-a Universala Kongreso de Esperanto!<\/strong><\/p>\n<p style=\"text-align: right\"><span style=\"font-size: 8pt\"><em>Fonto: <a href=\"https:\/\/eo.m.wikipedia.org\/wiki\/Lahti\">https:\/\/eo.m.wikipedia.org\/wiki\/Lahti<\/a><\/em><\/span><\/p>\n<p style=\"text-align: right\"><span style=\"font-size: 8pt\"><em>Fotoj: Sofia Bister<\/em><\/span><\/p>\n<p><iframe loading=\"lazy\" title=\"VIVANTA NATURO, FLORANTA KULTURO - Invito al la 104-a Universala Kongreso de Esperanto\" width=\"525\" height=\"295\" src=\"https:\/\/www.youtube.com\/embed\/5EFOVs-PDkg?feature=oembed\" frameborder=\"0\" allow=\"accelerometer; autoplay; clipboard-write; encrypted-media; gyroscope; picture-in-picture; web-share\" referrerpolicy=\"strict-origin-when-cross-origin\" allowfullscreen><\/iframe><\/p>\n<p><img loading=\"lazy\" decoding=\"async\" class=\"alignnone size-full wp-image-145\" src=\"https:\/\/www.esperanto.fi\/uk2019\/wp-content\/uploads\/sites\/4\/2018\/08\/D024F819-C534-4A3E-9381-9376B062A3CF.jpeg\" alt=\"\" width=\"1008\" height=\"672\" srcset=\"https:\/\/www.esperanto.fi\/uk2019\/wp-content\/uploads\/sites\/4\/2018\/08\/D024F819-C534-4A3E-9381-9376B062A3CF.jpeg 1008w, https:\/\/www.esperanto.fi\/uk2019\/wp-content\/uploads\/sites\/4\/2018\/08\/D024F819-C534-4A3E-9381-9376B062A3CF-300x200.jpeg 300w, https:\/\/www.esperanto.fi\/uk2019\/wp-content\/uploads\/sites\/4\/2018\/08\/D024F819-C534-4A3E-9381-9376B062A3CF-768x512.jpeg 768w\" sizes=\"auto, (max-width: 767px) 89vw, (max-width: 1000px) 54vw, (max-width: 1071px) 543px, 580px\" \/><\/p>\n<p><img loading=\"lazy\" decoding=\"async\" class=\"alignnone size-full wp-image-68\" src=\"https:\/\/www.esperanto.fi\/uk2019\/wp-content\/uploads\/sites\/4\/2018\/07\/0ABF176D-9E9D-4D44-84A0-819D27453A2B.jpg\" alt=\"\" width=\"1008\" height=\"672\" srcset=\"https:\/\/www.esperanto.fi\/uk2019\/wp-content\/uploads\/sites\/4\/2018\/07\/0ABF176D-9E9D-4D44-84A0-819D27453A2B.jpg 1008w, https:\/\/www.esperanto.fi\/uk2019\/wp-content\/uploads\/sites\/4\/2018\/07\/0ABF176D-9E9D-4D44-84A0-819D27453A2B-300x200.jpg 300w, https:\/\/www.esperanto.fi\/uk2019\/wp-content\/uploads\/sites\/4\/2018\/07\/0ABF176D-9E9D-4D44-84A0-819D27453A2B-768x512.jpg 768w\" sizes=\"auto, (max-width: 767px) 89vw, (max-width: 1000px) 54vw, (max-width: 1071px) 543px, 580px\" \/><\/p>\n<p><img loading=\"lazy\" decoding=\"async\" class=\"alignnone size-full wp-image-69\" src=\"https:\/\/www.esperanto.fi\/uk2019\/wp-content\/uploads\/sites\/4\/2018\/07\/1F4FF4E6-8818-41C1-A43F-1FA5471278D3.jpg\" alt=\"\" width=\"1008\" height=\"672\" srcset=\"https:\/\/www.esperanto.fi\/uk2019\/wp-content\/uploads\/sites\/4\/2018\/07\/1F4FF4E6-8818-41C1-A43F-1FA5471278D3.jpg 1008w, https:\/\/www.esperanto.fi\/uk2019\/wp-content\/uploads\/sites\/4\/2018\/07\/1F4FF4E6-8818-41C1-A43F-1FA5471278D3-300x200.jpg 300w, https:\/\/www.esperanto.fi\/uk2019\/wp-content\/uploads\/sites\/4\/2018\/07\/1F4FF4E6-8818-41C1-A43F-1FA5471278D3-768x512.jpg 768w\" sizes=\"auto, (max-width: 767px) 89vw, (max-width: 1000px) 54vw, (max-width: 1071px) 543px, 580px\" \/><\/p>\n<p><img loading=\"lazy\" decoding=\"async\" class=\"alignnone size-full wp-image-72\" src=\"https:\/\/www.esperanto.fi\/uk2019\/wp-content\/uploads\/sites\/4\/2018\/07\/B90190CE-93AB-4700-8BA2-4268F732F90E.jpg\" alt=\"\" width=\"1008\" height=\"672\" srcset=\"https:\/\/www.esperanto.fi\/uk2019\/wp-content\/uploads\/sites\/4\/2018\/07\/B90190CE-93AB-4700-8BA2-4268F732F90E.jpg 1008w, https:\/\/www.esperanto.fi\/uk2019\/wp-content\/uploads\/sites\/4\/2018\/07\/B90190CE-93AB-4700-8BA2-4268F732F90E-300x200.jpg 300w, https:\/\/www.esperanto.fi\/uk2019\/wp-content\/uploads\/sites\/4\/2018\/07\/B90190CE-93AB-4700-8BA2-4268F732F90E-768x512.jpg 768w\" sizes=\"auto, (max-width: 767px) 89vw, (max-width: 1000px) 54vw, (max-width: 1071px) 543px, 580px\" \/><\/p>\n<p><img loading=\"lazy\" decoding=\"async\" class=\"alignnone size-full wp-image-74\" src=\"https:\/\/www.esperanto.fi\/uk2019\/wp-content\/uploads\/sites\/4\/2018\/07\/AADB5FE1-FEE6-44E4-9A32-7C0273BE5C45.jpg\" alt=\"\" width=\"1008\" height=\"672\" srcset=\"https:\/\/www.esperanto.fi\/uk2019\/wp-content\/uploads\/sites\/4\/2018\/07\/AADB5FE1-FEE6-44E4-9A32-7C0273BE5C45.jpg 1008w, https:\/\/www.esperanto.fi\/uk2019\/wp-content\/uploads\/sites\/4\/2018\/07\/AADB5FE1-FEE6-44E4-9A32-7C0273BE5C45-300x200.jpg 300w, https:\/\/www.esperanto.fi\/uk2019\/wp-content\/uploads\/sites\/4\/2018\/07\/AADB5FE1-FEE6-44E4-9A32-7C0273BE5C45-768x512.jpg 768w\" sizes=\"auto, (max-width: 767px) 89vw, (max-width: 1000px) 54vw, (max-width: 1071px) 543px, 580px\" \/><\/p>\n<p><img loading=\"lazy\" decoding=\"async\" class=\"alignnone size-full wp-image-70\" src=\"https:\/\/www.esperanto.fi\/uk2019\/wp-content\/uploads\/sites\/4\/2018\/07\/400F79E8-B886-4219-AC20-0931554D1AEC.jpg\" alt=\"\" width=\"1008\" height=\"672\" srcset=\"https:\/\/www.esperanto.fi\/uk2019\/wp-content\/uploads\/sites\/4\/2018\/07\/400F79E8-B886-4219-AC20-0931554D1AEC.jpg 1008w, https:\/\/www.esperanto.fi\/uk2019\/wp-content\/uploads\/sites\/4\/2018\/07\/400F79E8-B886-4219-AC20-0931554D1AEC-300x200.jpg 300w, https:\/\/www.esperanto.fi\/uk2019\/wp-content\/uploads\/sites\/4\/2018\/07\/400F79E8-B886-4219-AC20-0931554D1AEC-768x512.jpg 768w\" sizes=\"auto, (max-width: 767px) 89vw, (max-width: 1000px) 54vw, (max-width: 1071px) 543px, 580px\" \/><\/p>\n<p><img loading=\"lazy\" decoding=\"async\" class=\"alignnone size-full wp-image-71\" src=\"https:\/\/www.esperanto.fi\/uk2019\/wp-content\/uploads\/sites\/4\/2018\/07\/D199E888-56B2-4C3E-BAF1-8646DAFB1683.jpg\" alt=\"\" width=\"1008\" height=\"672\" srcset=\"https:\/\/www.esperanto.fi\/uk2019\/wp-content\/uploads\/sites\/4\/2018\/07\/D199E888-56B2-4C3E-BAF1-8646DAFB1683.jpg 1008w, https:\/\/www.esperanto.fi\/uk2019\/wp-content\/uploads\/sites\/4\/2018\/07\/D199E888-56B2-4C3E-BAF1-8646DAFB1683-300x200.jpg 300w, https:\/\/www.esperanto.fi\/uk2019\/wp-content\/uploads\/sites\/4\/2018\/07\/D199E888-56B2-4C3E-BAF1-8646DAFB1683-768x512.jpg 768w\" sizes=\"auto, (max-width: 767px) 89vw, (max-width: 1000px) 54vw, (max-width: 1071px) 543px, 580px\" \/><\/p>\n","protected":false},"excerpt":{"rendered":"<p>Naturo, sporto kaj kulturo\u00a0 Lahtio (Lahti,\u00a0Lahtis)\u00a0estas urbo en suda Finnlando, \u00a0100 kilometrojn nordoriente de la\u00a0\u0109efurbo\u00a0Helsinko. Kun preska\u016d 120\u00a0000\u00a0lo\u011dantoj, Lahtio estas la oka plej granda urbo en Finnlando. Lahtio estas fama pro siaj skisaltejoj kaj radiomastoj, sed anka\u016d pro Sibelius-domo, konstruita en la jaro 2000. Tie okazas multaj koncertoj, kongresoj kaj aliaj kulturaj eventoj. Sibelius-domo ricevis &hellip; <\/p>\n<p class=\"link-more\"><a href=\"https:\/\/www.esperanto.fi\/uk2019\/lahtio\/\" class=\"more-link\">Da\u016drigi legadon<span class=\"screen-reader-text\"> &#8220;Lahtio&#8221;<\/span><\/a><\/p>\n","protected":false},"author":18,"featured_media":0,"parent":0,"menu_order":0,"comment_status":"closed","ping_status":"closed","template":"","meta":{"footnotes":""},"class_list":["post-64","page","type-page","status-publish","hentry"],"_links":{"self":[{"href":"https:\/\/www.esperanto.fi\/uk2019\/wp-json\/wp\/v2\/pages\/64","targetHints":{"allow":["GET"]}}],"collection":[{"href":"https:\/\/www.esperanto.fi\/uk2019\/wp-json\/wp\/v2\/pages"}],"about":[{"href":"https:\/\/www.esperanto.fi\/uk2019\/wp-json\/wp\/v2\/types\/page"}],"author":[{"embeddable":true,"href":"https:\/\/www.esperanto.fi\/uk2019\/wp-json\/wp\/v2\/users\/18"}],"replies":[{"embeddable":true,"href":"https:\/\/www.esperanto.fi\/uk2019\/wp-json\/wp\/v2\/comments?post=64"}],"version-history":[{"count":25,"href":"https:\/\/www.esperanto.fi\/uk2019\/wp-json\/wp\/v2\/pages\/64\/revisions"}],"predecessor-version":[{"id":260,"href":"https:\/\/www.esperanto.fi\/uk2019\/wp-json\/wp\/v2\/pages\/64\/revisions\/260"}],"wp:attachment":[{"href":"https:\/\/www.esperanto.fi\/uk2019\/wp-json\/wp\/v2\/media?parent=64"}],"curies":[{"name":"wp","href":"https:\/\/api.w.org\/{rel}","templated":true}]}}